{"id":19,"date":"2015-09-09T17:53:03","date_gmt":"2015-09-09T17:53:03","guid":{"rendered":"http:\/\/192.168.1.100\/wordpress\/?page_id=19"},"modified":"2020-06-25T06:19:38","modified_gmt":"2020-06-25T06:19:38","slug":"professionnels","status":"publish","type":"page","link":"http:\/\/www.la-cie-mps.fr\/?page_id=19","title":{"rendered":"NOTRE OFFRE ADAPTEE AUX PROFESSIONNELS"},"content":{"rendered":"<p style=\"text-align: center;\">\n<p style=\"text-align: center;\"><div class='content-column one_third'><h6>Services pour les entreprises du secteur tertiaire, industriel, collectivit\u00e9s, espaces m\u00e9dicaux et commerciaux<\/h6>\n<p>\u2022 Entretien r\u00e9guliers des bureaux, salle exposition, salle de stockage, quai de livraison\u2026<br \/>\n\u2022 Entretien r\u00e9guliers ou ponctuels des salles de sports, salle des f\u00eates, \u00e9coles.<br \/>\n\u2022 Nettoyage des vitres et vitrines, grands volumes, acc\u00e8s difficiles.<br \/>\n\u2022 Remise en \u00e9tat apr\u00e8s travaux, d\u00e9m\u00e9nagement des locaux.<br \/>\n\u2022 Nettoyage m\u00e9canique des sols lino, moquette, b\u00e9ton, carrelage.<br \/>\n\u2022 Remplacement ponctuel de personnel<\/p><\/div><\/p>\n<div class='content-column one_third'><h6>Travaux d\u2019espaces verts<\/h6>\n<p>\u2022 Taille haie, arbuste.<br \/>\n\u2022 Tontes.<br \/>\n\u2022 Nettoyage et d\u00e9moussage bardages, terrasses&#8230;<br \/>\n\u2022 Evacuation des d\u00e9chets verts.<\/p><\/div>\n<div class='content-column one_third last_column'><h6>Mat\u00e9riel professionnel, \u00e9quipes comp\u00e9tentes et \u00e0 votre \u00e9coute, travail de qualit\u00e9. Utilisation de techniques et produits respectueux de l\u2019environnement.<\/h6>\n<p>\u2022 solutions recyclables<br \/>\n\u2022 \u00e9cogestes<br \/>\n\u2022 formulation de produit \u00e9colabel, bio, production locale<br \/>\nNous vous proposons \u00e9galement une gamme de produits naturels odorants et nettoyants.<\/p><\/div><div class='clear_column'><\/div>\n","protected":false},"excerpt":{"rendered":"","protected":false},"author":1,"featured_media":0,"parent":0,"menu_order":0,"comment_status":"closed","ping_status":"closed","template":"","meta":{"footnotes":""},"class_list":["post-19","page","type-page","status-publish","hentry"],"_links":{"self":[{"href":"http:\/\/www.la-cie-mps.fr\/index.php?rest_route=\/wp\/v2\/pages\/19","targetHints":{"allow":["GET"]}}],"collection":[{"href":"http:\/\/www.la-cie-mps.fr\/index.php?rest_route=\/wp\/v2\/pages"}],"about":[{"href":"http:\/\/www.la-cie-mps.fr\/index.php?rest_route=\/wp\/v2\/types\/page"}],"author":[{"embeddable":true,"href":"http:\/\/www.la-cie-mps.fr\/index.php?rest_route=\/wp\/v2\/users\/1"}],"replies":[{"embeddable":true,"href":"http:\/\/www.la-cie-mps.fr\/index.php?rest_route=%2Fwp%2Fv2%2Fcomments&post=19"}],"version-history":[{"count":10,"href":"http:\/\/www.la-cie-mps.fr\/index.php?rest_route=\/wp\/v2\/pages\/19\/revisions"}],"predecessor-version":[{"id":90,"href":"http:\/\/www.la-cie-mps.fr\/index.php?rest_route=\/wp\/v2\/pages\/19\/revisions\/90"}],"wp:attachment":[{"href":"http:\/\/www.la-cie-mps.fr\/index.php?rest_route=%2Fwp%2Fv2%2Fmedia&parent=19"}],"curies":[{"name":"wp","href":"https:\/\/api.w.org\/{rel}","templated":true}]}}